{"id":14,"date":"2023-04-05T18:39:22","date_gmt":"2023-04-05T18:39:22","guid":{"rendered":"https:\/\/kieme.lt\/?post_type=product&#038;p=14"},"modified":"2026-03-25T12:28:19","modified_gmt":"2026-03-25T12:28:19","slug":"karkasinis-baseinas-su-filtru-305-x-76-cm","status":"publish","type":"product","link":"https:\/\/kieme.lt\/index.php\/product\/karkasinis-baseinas-su-filtru-305-x-76-cm\/","title":{"rendered":"Karkasinis baseinas su filtru (305 x 76 cm)"},"content":{"rendered":"<p>Karkasinis baseinas su filtru. 305 cm skersmens pakanka \u0161eimai, norin\u010diai atsigaivinti kar\u0161tomis vasaros dienomis savo kieme ar terasoje. Karkasini\u0173 basein\u0173 did\u017eiausias privalumas &#8211; tvirtumas.<\/p>\n<p>\u0160is baseinas talpina net 4678 litrus vandens, ta\u010diau d\u0117ka filtro vandens nereik\u0117s keisti kas kart\u0105 pasinaudojus baseinu!<\/p>\n<p>Surinkimas be joki\u0173 \u012franki\u0173, vienas \u017emogus tai gali padaryti grei\u010diau nei per pusvaland\u012f!<\/p>\n<p>Baseino dydis 305 x 76 cm.<\/p>\n","protected":false},"excerpt":{"rendered":"<p>Karkasinis baseinas su filtru. 305 cm skersmens pakanka \u0161eimai, norin\u010diai atsigaivinti kar\u0161tomis vasaros dienomis savo kieme ar terasoje. Karkasini\u0173 basein\u0173 did\u017eiausias privalumas &#8211; tvirtumas. \u0160is baseinas talpina net 4678 litrus vandens, ta\u010diau d\u0117ka filtro vandens nereik\u0117s keisti kas kart\u0105 pasinaudojus baseinu! Surinkimas be joki\u0173 \u012franki\u0173, vienas \u017emogus tai gali padaryti grei\u010diau nei per pusvaland\u012f! Baseino [&hellip;]<\/p>\n","protected":false},"featured_media":17,"comment_status":"open","ping_status":"closed","template":"","meta":[],"product_cat":[16],"product_tag":[],"aioseo_notices":[],"_links":{"self":[{"href":"https:\/\/kieme.lt\/index.php\/wp-json\/wp\/v2\/product\/14"}],"collection":[{"href":"https:\/\/kieme.lt\/index.php\/wp-json\/wp\/v2\/product"}],"about":[{"href":"https:\/\/kieme.lt\/index.php\/wp-json\/wp\/v2\/types\/product"}],"replies":[{"embeddable":true,"href":"https:\/\/kieme.lt\/index.php\/wp-json\/wp\/v2\/comments?post=14"}],"wp:featuredmedia":[{"embeddable":true,"href":"https:\/\/kieme.lt\/index.php\/wp-json\/wp\/v2\/media\/17"}],"wp:attachment":[{"href":"https:\/\/kieme.lt\/index.php\/wp-json\/wp\/v2\/media?parent=14"}],"wp:term":[{"taxonomy":"product_cat","embeddable":true,"href":"https:\/\/kieme.lt\/index.php\/wp-json\/wp\/v2\/product_cat?post=14"},{"taxonomy":"product_tag","embeddable":true,"href":"https:\/\/kieme.lt\/index.php\/wp-json\/wp\/v2\/product_tag?post=14"}],"curies":[{"name":"wp","href":"https:\/\/api.w.org\/{rel}","templated":true}]}}