{"id":11,"date":"2023-04-05T18:06:13","date_gmt":"2023-04-05T18:06:13","guid":{"rendered":"https:\/\/kieme.lt\/?post_type=product&#038;p=11"},"modified":"2023-04-05T18:39:51","modified_gmt":"2023-04-05T18:39:51","slug":"karkasinis-baseinas-366-cm","status":"publish","type":"product","link":"https:\/\/kieme.lt\/index.php\/product\/karkasinis-baseinas-366-cm\/","title":{"rendered":"Karkasinis baseinas (366 cm)"},"content":{"rendered":"<p>Karkasinis beseinas Bestway yra net 366 cm skersmens bei 76 cm auk\u0161\u010dio.<\/p>\n<p>Skirtingai nei pripu\u010diami baseinai, karkasiniai baseinai labiau vertinami d\u0117l savo patvarumo, erdv\u0117s. Lygios sienel\u0117s leid\u017eia u\u017epildyti net iki 90% talpos, tad \u012f \u0161\u012f basein\u0105 tilps net 6473 litrai vandens!<\/p>\n<p>Parduodamas kartu su filtru, kuris u\u017etikrina retesn\u012f vandens keitim\u0105! Taip sutaupysite ir pinig\u0173, ir laiko &#8211; pripildyti baseina daugiau nei 6 tonomis vandens gali b\u016bti nemenkas i\u0161\u0161\u016bkis!<\/p>\n<p>Baseino sienel\u0117s yra pagamintos i\u0161 3 sluoksni\u0173 PVC med\u017eiagos, atsparios chlorui ir saul\u0117s spinduliams. Nereikia baimintis ir d\u0117l lietaus.<\/p>\n<p>Baseinas turi b\u016bti surenkamas ant lygaus pavir\u0161iaus. Surenkamas r\u0117mas, u\u017epildoma vandeniu, pajungiamas filtras ir viskas! Galite m\u0117gautis atgaiva savo kieme. \u012eprastai surinkimui pakanka pusvaland\u017eio (ne\u012fskai\u010diuojant pripildymu vandeniu).<\/p>\n<p>Baseino vandens i\u0161leidimo vo\u017etuvas leid\u017eia tai padaryti labai greitai ir patogiai.<\/p>\n","protected":false},"excerpt":{"rendered":"<p>Kaip geriausia atsigaivinti kar\u0161t\u0105 vasaros dien\u0105? Savo baseine! 366 cm skersmens karkasinis baseinas puikiai tiks nema\u017eai kompanijai.<\/p>\n","protected":false},"featured_media":12,"comment_status":"open","ping_status":"closed","template":"","meta":[],"product_cat":[16],"product_tag":[],"aioseo_notices":[],"_links":{"self":[{"href":"https:\/\/kieme.lt\/index.php\/wp-json\/wp\/v2\/product\/11"}],"collection":[{"href":"https:\/\/kieme.lt\/index.php\/wp-json\/wp\/v2\/product"}],"about":[{"href":"https:\/\/kieme.lt\/index.php\/wp-json\/wp\/v2\/types\/product"}],"replies":[{"embeddable":true,"href":"https:\/\/kieme.lt\/index.php\/wp-json\/wp\/v2\/comments?post=11"}],"wp:featuredmedia":[{"embeddable":true,"href":"https:\/\/kieme.lt\/index.php\/wp-json\/wp\/v2\/media\/12"}],"wp:attachment":[{"href":"https:\/\/kieme.lt\/index.php\/wp-json\/wp\/v2\/media?parent=11"}],"wp:term":[{"taxonomy":"product_cat","embeddable":true,"href":"https:\/\/kieme.lt\/index.php\/wp-json\/wp\/v2\/product_cat?post=11"},{"taxonomy":"product_tag","embeddable":true,"href":"https:\/\/kieme.lt\/index.php\/wp-json\/wp\/v2\/product_tag?post=11"}],"curies":[{"name":"wp","href":"https:\/\/api.w.org\/{rel}","templated":true}]}}